{"id":752,"date":"2022-05-16T10:43:11","date_gmt":"2022-05-16T10:43:11","guid":{"rendered":"http:\/\/www.autoelectronicatoledo.es\/?post_type=product&#038;p=752"},"modified":"2022-05-16T10:43:40","modified_gmt":"2022-05-16T10:43:40","slug":"limpieza-en-maquina-ultrasonidos-piezas-medianas","status":"publish","type":"product","link":"https:\/\/www.autoelectronicatoledo.es\/index.php\/product\/limpieza-en-maquina-ultrasonidos-piezas-medianas\/","title":{"rendered":"LIMPIEZA EN M\u00c1QUINA ULTRASONIDOS (PIEZAS MEDIANAS)"},"content":{"rendered":"<p>Con nuestra m\u00e1quina de limpieza por ultrasonidos puedes dejar tus piezas de tama\u00f1o mediano (como una v\u00e1lvula EGR de mayor tama\u00f1o, colectores de escpe o colectores de admisi\u00f3n) como reci\u00e9n salidas de f\u00e1brica. Se elimina todo tipo de suciedad o carbonilla.<\/p>\n","protected":false},"excerpt":{"rendered":"<p>Con nuestra m\u00e1quina de limpieza por ultrasonidos puedes dejar tus piezas de tama\u00f1o mediano (como una v\u00e1lvula EGR de mayor tama\u00f1o, colectores de escpe o colectores de admisi\u00f3n) como reci\u00e9n salidas de f\u00e1brica. Se elimina todo tipo de suciedad o carbonilla.<\/p>\n","protected":false},"featured_media":748,"comment_status":"open","ping_status":"closed","template":"","meta":{"_et_pb_use_builder":"","_et_pb_old_content":"","_et_gb_content_width":""},"product_cat":[16,41],"product_tag":[],"yoast_head":"<!-- This site is optimized with the Yoast SEO plugin v18.1 - https:\/\/yoast.com\/wordpress\/plugins\/seo\/ -->\n<title>LIMPIEZA EN M\u00c1QUINA ULTRASONIDOS (PIEZAS MEDIANAS) - Auto Electr\u00f3nica Toledo<\/title>\n<meta name=\"robots\" content=\"index, follow, max-snippet:-1, max-image-preview:large, max-video-preview:-1\" \/>\n<link rel=\"canonical\" href=\"https:\/\/www.autoelectronicatoledo.es\/index.php\/product\/limpieza-en-maquina-ultrasonidos-piezas-medianas\/\" \/>\n<meta property=\"og:locale\" content=\"en_US\" \/>\n<meta property=\"og:type\" content=\"article\" \/>\n<meta property=\"og:title\" content=\"LIMPIEZA EN M\u00c1QUINA ULTRASONIDOS (PIEZAS MEDIANAS) - Auto Electr\u00f3nica Toledo\" \/>\n<meta property=\"og:description\" content=\"Con nuestra m\u00e1quina de limpieza por ultrasonidos puedes dejar tus piezas de tama\u00f1o mediano (como una v\u00e1lvula EGR de mayor tama\u00f1o, colectores de escpe o colectores de admisi\u00f3n) como reci\u00e9n salidas de f\u00e1brica. Se elimina todo tipo de suciedad o carbonilla.\" \/>\n<meta property=\"og:url\" content=\"https:\/\/www.autoelectronicatoledo.es\/index.php\/product\/limpieza-en-maquina-ultrasonidos-piezas-medianas\/\" \/>\n<meta property=\"og:site_name\" content=\"Auto Electr\u00f3nica Toledo\" \/>\n<meta property=\"article:modified_time\" content=\"2022-05-16T10:43:40+00:00\" \/>\n<meta property=\"og:image\" content=\"https:\/\/www.autoelectronicatoledo.es\/wp-content\/uploads\/2022\/05\/WhatsApp-Image-2022-05-14-at-1.46.42-PM.jpeg\" \/>\n\t<meta property=\"og:image:width\" content=\"1537\" \/>\n\t<meta property=\"og:image:height\" content=\"2048\" \/>\n\t<meta property=\"og:image:type\" content=\"image\/jpeg\" \/>\n<meta name=\"twitter:card\" content=\"summary_large_image\" \/>\n<meta name=\"twitter:label1\" content=\"Est. reading time\" \/>\n\t<meta name=\"twitter:data1\" content=\"1 minute\" \/>\n<script type=\"application\/ld+json\" class=\"yoast-schema-graph\">{\"@context\":\"https:\/\/schema.org\",\"@graph\":[{\"@type\":\"Organization\",\"@id\":\"https:\/\/www.autoelectronicatoledo.es\/#organization\",\"name\":\"Auto Electr\u00f3nica Toledo\",\"url\":\"https:\/\/www.autoelectronicatoledo.es\/\",\"sameAs\":[\"https:\/\/www.instagram.com\/auto_electronica_toledo\"],\"logo\":{\"@type\":\"ImageObject\",\"@id\":\"https:\/\/www.autoelectronicatoledo.es\/#logo\",\"inLanguage\":\"en-US\",\"url\":\"http:\/\/www.autoelectronicatoledo.es\/wp-content\/uploads\/2022\/01\/Logo-3-scaled.jpg\",\"contentUrl\":\"http:\/\/www.autoelectronicatoledo.es\/wp-content\/uploads\/2022\/01\/Logo-3-scaled.jpg\",\"width\":2560,\"height\":1015,\"caption\":\"Auto Electr\u00f3nica Toledo\"},\"image\":{\"@id\":\"https:\/\/www.autoelectronicatoledo.es\/#logo\"}},{\"@type\":\"WebSite\",\"@id\":\"https:\/\/www.autoelectronicatoledo.es\/#website\",\"url\":\"https:\/\/www.autoelectronicatoledo.es\/\",\"name\":\"Auto Electr\u00f3nica Toledo\",\"description\":\"Taller y Servicio de Electr\u00f3nica para el autom\u00f3vil\",\"publisher\":{\"@id\":\"https:\/\/www.autoelectronicatoledo.es\/#organization\"},\"potentialAction\":[{\"@type\":\"SearchAction\",\"target\":{\"@type\":\"EntryPoint\",\"urlTemplate\":\"https:\/\/www.autoelectronicatoledo.es\/?s={search_term_string}\"},\"query-input\":\"required name=search_term_string\"}],\"inLanguage\":\"en-US\"},{\"@type\":\"ImageObject\",\"@id\":\"https:\/\/www.autoelectronicatoledo.es\/index.php\/product\/limpieza-en-maquina-ultrasonidos-piezas-medianas\/#primaryimage\",\"inLanguage\":\"en-US\",\"url\":\"https:\/\/www.autoelectronicatoledo.es\/wp-content\/uploads\/2022\/05\/WhatsApp-Image-2022-05-14-at-1.46.42-PM.jpeg\",\"contentUrl\":\"https:\/\/www.autoelectronicatoledo.es\/wp-content\/uploads\/2022\/05\/WhatsApp-Image-2022-05-14-at-1.46.42-PM.jpeg\",\"width\":1537,\"height\":2048},{\"@type\":\"WebPage\",\"@id\":\"https:\/\/www.autoelectronicatoledo.es\/index.php\/product\/limpieza-en-maquina-ultrasonidos-piezas-medianas\/#webpage\",\"url\":\"https:\/\/www.autoelectronicatoledo.es\/index.php\/product\/limpieza-en-maquina-ultrasonidos-piezas-medianas\/\",\"name\":\"LIMPIEZA EN M\u00c1QUINA ULTRASONIDOS (PIEZAS MEDIANAS) - Auto Electr\u00f3nica Toledo\",\"isPartOf\":{\"@id\":\"https:\/\/www.autoelectronicatoledo.es\/#website\"},\"primaryImageOfPage\":{\"@id\":\"https:\/\/www.autoelectronicatoledo.es\/index.php\/product\/limpieza-en-maquina-ultrasonidos-piezas-medianas\/#primaryimage\"},\"datePublished\":\"2022-05-16T10:43:11+00:00\",\"dateModified\":\"2022-05-16T10:43:40+00:00\",\"breadcrumb\":{\"@id\":\"https:\/\/www.autoelectronicatoledo.es\/index.php\/product\/limpieza-en-maquina-ultrasonidos-piezas-medianas\/#breadcrumb\"},\"inLanguage\":\"en-US\",\"potentialAction\":[{\"@type\":\"ReadAction\",\"target\":[\"https:\/\/www.autoelectronicatoledo.es\/index.php\/product\/limpieza-en-maquina-ultrasonidos-piezas-medianas\/\"]}]},{\"@type\":\"BreadcrumbList\",\"@id\":\"https:\/\/www.autoelectronicatoledo.es\/index.php\/product\/limpieza-en-maquina-ultrasonidos-piezas-medianas\/#breadcrumb\",\"itemListElement\":[{\"@type\":\"ListItem\",\"position\":1,\"name\":\"Portada\",\"item\":\"https:\/\/www.autoelectronicatoledo.es\/\"},{\"@type\":\"ListItem\",\"position\":2,\"name\":\"Shop\",\"item\":\"https:\/\/www.autoelectronicatoledo.es\/index.php\/shop\/\"},{\"@type\":\"ListItem\",\"position\":3,\"name\":\"LIMPIEZA EN M\u00c1QUINA ULTRASONIDOS (PIEZAS MEDIANAS)\"}]}]}<\/script>\n<!-- \/ Yoast SEO plugin. -->","yoast_head_json":{"title":"LIMPIEZA EN M\u00c1QUINA ULTRASONIDOS (PIEZAS MEDIANAS) - Auto Electr\u00f3nica Toledo","robots":{"index":"index","follow":"follow","max-snippet":"max-snippet:-1","max-image-preview":"max-image-preview:large","max-video-preview":"max-video-preview:-1"},"canonical":"https:\/\/www.autoelectronicatoledo.es\/index.php\/product\/limpieza-en-maquina-ultrasonidos-piezas-medianas\/","og_locale":"en_US","og_type":"article","og_title":"LIMPIEZA EN M\u00c1QUINA ULTRASONIDOS (PIEZAS MEDIANAS) - Auto Electr\u00f3nica Toledo","og_description":"Con nuestra m\u00e1quina de limpieza por ultrasonidos puedes dejar tus piezas de tama\u00f1o mediano (como una v\u00e1lvula EGR de mayor tama\u00f1o, colectores de escpe o colectores de admisi\u00f3n) como reci\u00e9n salidas de f\u00e1brica. Se elimina todo tipo de suciedad o carbonilla.","og_url":"https:\/\/www.autoelectronicatoledo.es\/index.php\/product\/limpieza-en-maquina-ultrasonidos-piezas-medianas\/","og_site_name":"Auto Electr\u00f3nica Toledo","article_modified_time":"2022-05-16T10:43:40+00:00","og_image":[{"width":1537,"height":2048,"url":"https:\/\/www.autoelectronicatoledo.es\/wp-content\/uploads\/2022\/05\/WhatsApp-Image-2022-05-14-at-1.46.42-PM.jpeg","type":"image\/jpeg"}],"twitter_card":"summary_large_image","twitter_misc":{"Est. reading time":"1 minute"},"schema":{"@context":"https:\/\/schema.org","@graph":[{"@type":"Organization","@id":"https:\/\/www.autoelectronicatoledo.es\/#organization","name":"Auto Electr\u00f3nica Toledo","url":"https:\/\/www.autoelectronicatoledo.es\/","sameAs":["https:\/\/www.instagram.com\/auto_electronica_toledo"],"logo":{"@type":"ImageObject","@id":"https:\/\/www.autoelectronicatoledo.es\/#logo","inLanguage":"en-US","url":"http:\/\/www.autoelectronicatoledo.es\/wp-content\/uploads\/2022\/01\/Logo-3-scaled.jpg","contentUrl":"http:\/\/www.autoelectronicatoledo.es\/wp-content\/uploads\/2022\/01\/Logo-3-scaled.jpg","width":2560,"height":1015,"caption":"Auto Electr\u00f3nica Toledo"},"image":{"@id":"https:\/\/www.autoelectronicatoledo.es\/#logo"}},{"@type":"WebSite","@id":"https:\/\/www.autoelectronicatoledo.es\/#website","url":"https:\/\/www.autoelectronicatoledo.es\/","name":"Auto Electr\u00f3nica Toledo","description":"Taller y Servicio de Electr\u00f3nica para el autom\u00f3vil","publisher":{"@id":"https:\/\/www.autoelectronicatoledo.es\/#organization"},"potentialAction":[{"@type":"SearchAction","target":{"@type":"EntryPoint","urlTemplate":"https:\/\/www.autoelectronicatoledo.es\/?s={search_term_string}"},"query-input":"required name=search_term_string"}],"inLanguage":"en-US"},{"@type":"ImageObject","@id":"https:\/\/www.autoelectronicatoledo.es\/index.php\/product\/limpieza-en-maquina-ultrasonidos-piezas-medianas\/#primaryimage","inLanguage":"en-US","url":"https:\/\/www.autoelectronicatoledo.es\/wp-content\/uploads\/2022\/05\/WhatsApp-Image-2022-05-14-at-1.46.42-PM.jpeg","contentUrl":"https:\/\/www.autoelectronicatoledo.es\/wp-content\/uploads\/2022\/05\/WhatsApp-Image-2022-05-14-at-1.46.42-PM.jpeg","width":1537,"height":2048},{"@type":"WebPage","@id":"https:\/\/www.autoelectronicatoledo.es\/index.php\/product\/limpieza-en-maquina-ultrasonidos-piezas-medianas\/#webpage","url":"https:\/\/www.autoelectronicatoledo.es\/index.php\/product\/limpieza-en-maquina-ultrasonidos-piezas-medianas\/","name":"LIMPIEZA EN M\u00c1QUINA ULTRASONIDOS (PIEZAS MEDIANAS) - Auto Electr\u00f3nica Toledo","isPartOf":{"@id":"https:\/\/www.autoelectronicatoledo.es\/#website"},"primaryImageOfPage":{"@id":"https:\/\/www.autoelectronicatoledo.es\/index.php\/product\/limpieza-en-maquina-ultrasonidos-piezas-medianas\/#primaryimage"},"datePublished":"2022-05-16T10:43:11+00:00","dateModified":"2022-05-16T10:43:40+00:00","breadcrumb":{"@id":"https:\/\/www.autoelectronicatoledo.es\/index.php\/product\/limpieza-en-maquina-ultrasonidos-piezas-medianas\/#breadcrumb"},"inLanguage":"en-US","potentialAction":[{"@type":"ReadAction","target":["https:\/\/www.autoelectronicatoledo.es\/index.php\/product\/limpieza-en-maquina-ultrasonidos-piezas-medianas\/"]}]},{"@type":"BreadcrumbList","@id":"https:\/\/www.autoelectronicatoledo.es\/index.php\/product\/limpieza-en-maquina-ultrasonidos-piezas-medianas\/#breadcrumb","itemListElement":[{"@type":"ListItem","position":1,"name":"Portada","item":"https:\/\/www.autoelectronicatoledo.es\/"},{"@type":"ListItem","position":2,"name":"Shop","item":"https:\/\/www.autoelectronicatoledo.es\/index.php\/shop\/"},{"@type":"ListItem","position":3,"name":"LIMPIEZA EN M\u00c1QUINA ULTRASONIDOS (PIEZAS MEDIANAS)"}]}]}},"_links":{"self":[{"href":"https:\/\/www.autoelectronicatoledo.es\/index.php\/wp-json\/wp\/v2\/product\/752"}],"collection":[{"href":"https:\/\/www.autoelectronicatoledo.es\/index.php\/wp-json\/wp\/v2\/product"}],"about":[{"href":"https:\/\/www.autoelectronicatoledo.es\/index.php\/wp-json\/wp\/v2\/types\/product"}],"replies":[{"embeddable":true,"href":"https:\/\/www.autoelectronicatoledo.es\/index.php\/wp-json\/wp\/v2\/comments?post=752"}],"wp:featuredmedia":[{"embeddable":true,"href":"https:\/\/www.autoelectronicatoledo.es\/index.php\/wp-json\/wp\/v2\/media\/748"}],"wp:attachment":[{"href":"https:\/\/www.autoelectronicatoledo.es\/index.php\/wp-json\/wp\/v2\/media?parent=752"}],"wp:term":[{"taxonomy":"product_cat","embeddable":true,"href":"https:\/\/www.autoelectronicatoledo.es\/index.php\/wp-json\/wp\/v2\/product_cat?post=752"},{"taxonomy":"product_tag","embeddable":true,"href":"https:\/\/www.autoelectronicatoledo.es\/index.php\/wp-json\/wp\/v2\/product_tag?post=752"}],"curies":[{"name":"wp","href":"https:\/\/api.w.org\/{rel}","templated":true}]}}