{"id":675,"date":"2022-03-23T09:51:15","date_gmt":"2022-03-23T09:51:15","guid":{"rendered":"http:\/\/www.autoelectronicatoledo.es\/?post_type=product&#038;p=675"},"modified":"2022-05-18T15:44:20","modified_gmt":"2022-05-18T15:44:20","slug":"diagnosis-electronica-integral-de-vehiculo","status":"publish","type":"product","link":"https:\/\/www.autoelectronicatoledo.es\/index.php\/product\/diagnosis-electronica-integral-de-vehiculo\/","title":{"rendered":"DIAGNOSIS ELECTR\u00d3NICA INTEGRAL MULTIMARCA"},"content":{"rendered":"<p>Servicio de diagnosis integral multimarca de todas las unidades de control de tu veh\u00edculo para poder examinar y conocer todos los fallos de tu veh\u00edculo.<\/p>\n","protected":false},"excerpt":{"rendered":"<p>Servicio de diagnosis integral multimarca de todas las unidades de control de tu veh\u00edculo para poder examinar y conocer todos los fallos de tu veh\u00edculo.<\/p>\n","protected":false},"featured_media":761,"comment_status":"open","ping_status":"closed","template":"","meta":{"_et_pb_use_builder":"","_et_pb_old_content":"","_et_gb_content_width":""},"product_cat":[36,32],"product_tag":[],"yoast_head":"<!-- This site is optimized with the Yoast SEO plugin v18.1 - https:\/\/yoast.com\/wordpress\/plugins\/seo\/ -->\n<title>DIAGNOSIS ELECTR\u00d3NICA INTEGRAL MULTIMARCA - Auto Electr\u00f3nica Toledo<\/title>\n<meta name=\"robots\" content=\"index, follow, max-snippet:-1, max-image-preview:large, max-video-preview:-1\" \/>\n<link rel=\"canonical\" href=\"https:\/\/www.autoelectronicatoledo.es\/index.php\/product\/diagnosis-electronica-integral-de-vehiculo\/\" \/>\n<meta property=\"og:locale\" content=\"en_US\" \/>\n<meta property=\"og:type\" content=\"article\" \/>\n<meta property=\"og:title\" content=\"DIAGNOSIS ELECTR\u00d3NICA INTEGRAL MULTIMARCA - Auto Electr\u00f3nica Toledo\" \/>\n<meta property=\"og:description\" content=\"Servicio de diagnosis integral multimarca de todas las unidades de control de tu veh\u00edculo para poder examinar y conocer todos los fallos de tu veh\u00edculo.\" \/>\n<meta property=\"og:url\" content=\"https:\/\/www.autoelectronicatoledo.es\/index.php\/product\/diagnosis-electronica-integral-de-vehiculo\/\" \/>\n<meta property=\"og:site_name\" content=\"Auto Electr\u00f3nica Toledo\" \/>\n<meta property=\"article:modified_time\" content=\"2022-05-18T15:44:20+00:00\" \/>\n<meta property=\"og:image\" content=\"https:\/\/www.autoelectronicatoledo.es\/wp-content\/uploads\/2022\/05\/WhatsApp-Image-2022-05-18-at-5.43.03-PM.jpeg\" \/>\n\t<meta property=\"og:image:width\" content=\"2016\" \/>\n\t<meta property=\"og:image:height\" content=\"1512\" \/>\n\t<meta property=\"og:image:type\" content=\"image\/jpeg\" \/>\n<meta name=\"twitter:card\" content=\"summary_large_image\" \/>\n<meta name=\"twitter:label1\" content=\"Est. reading time\" \/>\n\t<meta name=\"twitter:data1\" content=\"1 minute\" \/>\n<script type=\"application\/ld+json\" class=\"yoast-schema-graph\">{\"@context\":\"https:\/\/schema.org\",\"@graph\":[{\"@type\":\"Organization\",\"@id\":\"https:\/\/www.autoelectronicatoledo.es\/#organization\",\"name\":\"Auto Electr\u00f3nica Toledo\",\"url\":\"https:\/\/www.autoelectronicatoledo.es\/\",\"sameAs\":[\"https:\/\/www.instagram.com\/auto_electronica_toledo\"],\"logo\":{\"@type\":\"ImageObject\",\"@id\":\"https:\/\/www.autoelectronicatoledo.es\/#logo\",\"inLanguage\":\"en-US\",\"url\":\"http:\/\/www.autoelectronicatoledo.es\/wp-content\/uploads\/2022\/01\/Logo-3-scaled.jpg\",\"contentUrl\":\"http:\/\/www.autoelectronicatoledo.es\/wp-content\/uploads\/2022\/01\/Logo-3-scaled.jpg\",\"width\":2560,\"height\":1015,\"caption\":\"Auto Electr\u00f3nica Toledo\"},\"image\":{\"@id\":\"https:\/\/www.autoelectronicatoledo.es\/#logo\"}},{\"@type\":\"WebSite\",\"@id\":\"https:\/\/www.autoelectronicatoledo.es\/#website\",\"url\":\"https:\/\/www.autoelectronicatoledo.es\/\",\"name\":\"Auto Electr\u00f3nica Toledo\",\"description\":\"Taller y Servicio de Electr\u00f3nica para el autom\u00f3vil\",\"publisher\":{\"@id\":\"https:\/\/www.autoelectronicatoledo.es\/#organization\"},\"potentialAction\":[{\"@type\":\"SearchAction\",\"target\":{\"@type\":\"EntryPoint\",\"urlTemplate\":\"https:\/\/www.autoelectronicatoledo.es\/?s={search_term_string}\"},\"query-input\":\"required name=search_term_string\"}],\"inLanguage\":\"en-US\"},{\"@type\":\"ImageObject\",\"@id\":\"https:\/\/www.autoelectronicatoledo.es\/index.php\/product\/diagnosis-electronica-integral-de-vehiculo\/#primaryimage\",\"inLanguage\":\"en-US\",\"url\":\"https:\/\/www.autoelectronicatoledo.es\/wp-content\/uploads\/2022\/05\/WhatsApp-Image-2022-05-18-at-5.43.03-PM.jpeg\",\"contentUrl\":\"https:\/\/www.autoelectronicatoledo.es\/wp-content\/uploads\/2022\/05\/WhatsApp-Image-2022-05-18-at-5.43.03-PM.jpeg\",\"width\":2016,\"height\":1512},{\"@type\":\"WebPage\",\"@id\":\"https:\/\/www.autoelectronicatoledo.es\/index.php\/product\/diagnosis-electronica-integral-de-vehiculo\/#webpage\",\"url\":\"https:\/\/www.autoelectronicatoledo.es\/index.php\/product\/diagnosis-electronica-integral-de-vehiculo\/\",\"name\":\"DIAGNOSIS ELECTR\u00d3NICA INTEGRAL MULTIMARCA - Auto Electr\u00f3nica Toledo\",\"isPartOf\":{\"@id\":\"https:\/\/www.autoelectronicatoledo.es\/#website\"},\"primaryImageOfPage\":{\"@id\":\"https:\/\/www.autoelectronicatoledo.es\/index.php\/product\/diagnosis-electronica-integral-de-vehiculo\/#primaryimage\"},\"datePublished\":\"2022-03-23T09:51:15+00:00\",\"dateModified\":\"2022-05-18T15:44:20+00:00\",\"breadcrumb\":{\"@id\":\"https:\/\/www.autoelectronicatoledo.es\/index.php\/product\/diagnosis-electronica-integral-de-vehiculo\/#breadcrumb\"},\"inLanguage\":\"en-US\",\"potentialAction\":[{\"@type\":\"ReadAction\",\"target\":[\"https:\/\/www.autoelectronicatoledo.es\/index.php\/product\/diagnosis-electronica-integral-de-vehiculo\/\"]}]},{\"@type\":\"BreadcrumbList\",\"@id\":\"https:\/\/www.autoelectronicatoledo.es\/index.php\/product\/diagnosis-electronica-integral-de-vehiculo\/#breadcrumb\",\"itemListElement\":[{\"@type\":\"ListItem\",\"position\":1,\"name\":\"Portada\",\"item\":\"https:\/\/www.autoelectronicatoledo.es\/\"},{\"@type\":\"ListItem\",\"position\":2,\"name\":\"Shop\",\"item\":\"https:\/\/www.autoelectronicatoledo.es\/index.php\/shop\/\"},{\"@type\":\"ListItem\",\"position\":3,\"name\":\"DIAGNOSIS ELECTR\u00d3NICA INTEGRAL MULTIMARCA\"}]}]}<\/script>\n<!-- \/ Yoast SEO plugin. -->","yoast_head_json":{"title":"DIAGNOSIS ELECTR\u00d3NICA INTEGRAL MULTIMARCA - Auto Electr\u00f3nica Toledo","robots":{"index":"index","follow":"follow","max-snippet":"max-snippet:-1","max-image-preview":"max-image-preview:large","max-video-preview":"max-video-preview:-1"},"canonical":"https:\/\/www.autoelectronicatoledo.es\/index.php\/product\/diagnosis-electronica-integral-de-vehiculo\/","og_locale":"en_US","og_type":"article","og_title":"DIAGNOSIS ELECTR\u00d3NICA INTEGRAL MULTIMARCA - Auto Electr\u00f3nica Toledo","og_description":"Servicio de diagnosis integral multimarca de todas las unidades de control de tu veh\u00edculo para poder examinar y conocer todos los fallos de tu veh\u00edculo.","og_url":"https:\/\/www.autoelectronicatoledo.es\/index.php\/product\/diagnosis-electronica-integral-de-vehiculo\/","og_site_name":"Auto Electr\u00f3nica Toledo","article_modified_time":"2022-05-18T15:44:20+00:00","og_image":[{"width":2016,"height":1512,"url":"https:\/\/www.autoelectronicatoledo.es\/wp-content\/uploads\/2022\/05\/WhatsApp-Image-2022-05-18-at-5.43.03-PM.jpeg","type":"image\/jpeg"}],"twitter_card":"summary_large_image","twitter_misc":{"Est. reading time":"1 minute"},"schema":{"@context":"https:\/\/schema.org","@graph":[{"@type":"Organization","@id":"https:\/\/www.autoelectronicatoledo.es\/#organization","name":"Auto Electr\u00f3nica Toledo","url":"https:\/\/www.autoelectronicatoledo.es\/","sameAs":["https:\/\/www.instagram.com\/auto_electronica_toledo"],"logo":{"@type":"ImageObject","@id":"https:\/\/www.autoelectronicatoledo.es\/#logo","inLanguage":"en-US","url":"http:\/\/www.autoelectronicatoledo.es\/wp-content\/uploads\/2022\/01\/Logo-3-scaled.jpg","contentUrl":"http:\/\/www.autoelectronicatoledo.es\/wp-content\/uploads\/2022\/01\/Logo-3-scaled.jpg","width":2560,"height":1015,"caption":"Auto Electr\u00f3nica Toledo"},"image":{"@id":"https:\/\/www.autoelectronicatoledo.es\/#logo"}},{"@type":"WebSite","@id":"https:\/\/www.autoelectronicatoledo.es\/#website","url":"https:\/\/www.autoelectronicatoledo.es\/","name":"Auto Electr\u00f3nica Toledo","description":"Taller y Servicio de Electr\u00f3nica para el autom\u00f3vil","publisher":{"@id":"https:\/\/www.autoelectronicatoledo.es\/#organization"},"potentialAction":[{"@type":"SearchAction","target":{"@type":"EntryPoint","urlTemplate":"https:\/\/www.autoelectronicatoledo.es\/?s={search_term_string}"},"query-input":"required name=search_term_string"}],"inLanguage":"en-US"},{"@type":"ImageObject","@id":"https:\/\/www.autoelectronicatoledo.es\/index.php\/product\/diagnosis-electronica-integral-de-vehiculo\/#primaryimage","inLanguage":"en-US","url":"https:\/\/www.autoelectronicatoledo.es\/wp-content\/uploads\/2022\/05\/WhatsApp-Image-2022-05-18-at-5.43.03-PM.jpeg","contentUrl":"https:\/\/www.autoelectronicatoledo.es\/wp-content\/uploads\/2022\/05\/WhatsApp-Image-2022-05-18-at-5.43.03-PM.jpeg","width":2016,"height":1512},{"@type":"WebPage","@id":"https:\/\/www.autoelectronicatoledo.es\/index.php\/product\/diagnosis-electronica-integral-de-vehiculo\/#webpage","url":"https:\/\/www.autoelectronicatoledo.es\/index.php\/product\/diagnosis-electronica-integral-de-vehiculo\/","name":"DIAGNOSIS ELECTR\u00d3NICA INTEGRAL MULTIMARCA - Auto Electr\u00f3nica Toledo","isPartOf":{"@id":"https:\/\/www.autoelectronicatoledo.es\/#website"},"primaryImageOfPage":{"@id":"https:\/\/www.autoelectronicatoledo.es\/index.php\/product\/diagnosis-electronica-integral-de-vehiculo\/#primaryimage"},"datePublished":"2022-03-23T09:51:15+00:00","dateModified":"2022-05-18T15:44:20+00:00","breadcrumb":{"@id":"https:\/\/www.autoelectronicatoledo.es\/index.php\/product\/diagnosis-electronica-integral-de-vehiculo\/#breadcrumb"},"inLanguage":"en-US","potentialAction":[{"@type":"ReadAction","target":["https:\/\/www.autoelectronicatoledo.es\/index.php\/product\/diagnosis-electronica-integral-de-vehiculo\/"]}]},{"@type":"BreadcrumbList","@id":"https:\/\/www.autoelectronicatoledo.es\/index.php\/product\/diagnosis-electronica-integral-de-vehiculo\/#breadcrumb","itemListElement":[{"@type":"ListItem","position":1,"name":"Portada","item":"https:\/\/www.autoelectronicatoledo.es\/"},{"@type":"ListItem","position":2,"name":"Shop","item":"https:\/\/www.autoelectronicatoledo.es\/index.php\/shop\/"},{"@type":"ListItem","position":3,"name":"DIAGNOSIS ELECTR\u00d3NICA INTEGRAL MULTIMARCA"}]}]}},"_links":{"self":[{"href":"https:\/\/www.autoelectronicatoledo.es\/index.php\/wp-json\/wp\/v2\/product\/675"}],"collection":[{"href":"https:\/\/www.autoelectronicatoledo.es\/index.php\/wp-json\/wp\/v2\/product"}],"about":[{"href":"https:\/\/www.autoelectronicatoledo.es\/index.php\/wp-json\/wp\/v2\/types\/product"}],"replies":[{"embeddable":true,"href":"https:\/\/www.autoelectronicatoledo.es\/index.php\/wp-json\/wp\/v2\/comments?post=675"}],"wp:featuredmedia":[{"embeddable":true,"href":"https:\/\/www.autoelectronicatoledo.es\/index.php\/wp-json\/wp\/v2\/media\/761"}],"wp:attachment":[{"href":"https:\/\/www.autoelectronicatoledo.es\/index.php\/wp-json\/wp\/v2\/media?parent=675"}],"wp:term":[{"taxonomy":"product_cat","embeddable":true,"href":"https:\/\/www.autoelectronicatoledo.es\/index.php\/wp-json\/wp\/v2\/product_cat?post=675"},{"taxonomy":"product_tag","embeddable":true,"href":"https:\/\/www.autoelectronicatoledo.es\/index.php\/wp-json\/wp\/v2\/product_tag?post=675"}],"curies":[{"name":"wp","href":"https:\/\/api.w.org\/{rel}","templated":true}]}}