{"id":658,"date":"2022-03-22T22:19:31","date_gmt":"2022-03-22T22:19:31","guid":{"rendered":"http:\/\/www.autoelectronicatoledo.es\/?page_id=658"},"modified":"2022-03-22T22:33:43","modified_gmt":"2022-03-22T22:33:43","slug":"tarifas-tlr-sport","status":"publish","type":"page","link":"https:\/\/www.autoelectronicatoledo.es\/index.php\/tarifas-tlr-sport\/","title":{"rendered":"Tarifas Reprogramaci\u00f3n"},"content":{"rendered":"\t\t<div data-elementor-type=\"wp-page\" data-elementor-id=\"658\" class=\"elementor elementor-658\" data-elementor-settings=\"[]\">\n\t\t\t\t\t\t\t<div class=\"elementor-section-wrap\">\n\t\t\t\t\t\t\t<section data-particle_enable=\"false\" data-particle-mobile-disabled=\"false\" class=\"elementor-section elementor-top-section elementor-element elementor-element-33c23a9 elementor-section-boxed elementor-section-height-default elementor-section-height-default\" data-id=\"33c23a9\" data-element_type=\"section\">\n\t\t\t\t\t\t<div class=\"elementor-container elementor-column-gap-default\">\n\t\t\t\t\t<div class=\"elementor-column elementor-col-100 elementor-top-column elementor-element elementor-element-f7a1a03\" data-id=\"f7a1a03\" data-element_type=\"column\">\n\t\t\t<div class=\"elementor-widget-wrap elementor-element-populated\">\n\t\t\t\t\t\t\t\t<div class=\"elementor-element elementor-element-c211a60 elementor-cta--skin-classic elementor-animated-content elementor-bg-transform elementor-bg-transform-zoom-in elementor-widget elementor-widget-call-to-action\" data-id=\"c211a60\" data-element_type=\"widget\" data-widget_type=\"call-to-action.default\">\n\t\t\t\t<div class=\"elementor-widget-container\">\n\t\t\t<link rel=\"stylesheet\" href=\"http:\/\/www.autoelectronicatoledo.es\/wp-content\/plugins\/elementor-pro\/assets\/css\/widget-call-to-action.min.css\">\t\t<div  class=\"elementor-cta\">\n\t\t\t\t\t<div class=\"elementor-cta__bg-wrapper\">\n\t\t\t\t<div class=\"elementor-cta__bg elementor-bg\" style=\"background-image: url(https:\/\/www.autoelectronicatoledo.es\/wp-content\/uploads\/2022\/01\/Logo-3-1024x406.jpg);\"><\/div>\n\t\t\t\t<div class=\"elementor-cta__bg-overlay\"><\/div>\n\t\t\t<\/div>\n\t\t\t\t\t\t\t<div class=\"elementor-cta__content\">\n\t\t\t\t\n\t\t\t\t\t\t\t\t\t<h2 class=\"elementor-cta__title elementor-cta__content-item elementor-content-item\">\n\t\t\t\t\t\t\u00bfQuieres conocer la tarifa de la reprogramaci\u00f3n tu coche?\t\t\t\t\t<\/h2>\n\t\t\t\t\n\t\t\t\t\t\t\t\t\t<div class=\"elementor-cta__description elementor-cta__content-item elementor-content-item\">\n\t\t\t\t\t\tComo distribuidores oficiales de TLR Sport en Toledo, puede consultar su tarifa en el siguiente enlace y conocer la ganancia de potencia.\t\t\t\t\t<\/div>\n\t\t\t\t\n\t\t\t\t\t\t\t\t\t<div class=\"elementor-cta__button-wrapper elementor-cta__content-item elementor-content-item \">\n\t\t\t\t\t<a class=\"elementor-cta__button elementor-button elementor-size-sm\" href=\"https:\/\/tlrsport.es\/tarifasnuevo\/\">\n\t\t\t\t\t\tPincha aqu\u00ed\t\t\t\t\t<\/a>\n\t\t\t\t\t<\/div>\n\t\t\t\t\t\t\t<\/div>\n\t\t\t\t\t\t<\/div>\n\t\t\t\t<\/div>\n\t\t\t\t<\/div>\n\t\t\t\t\t<\/div>\n\t\t<\/div>\n\t\t\t\t\t\t\t<\/div>\n\t\t<\/section>\n\t\t\t\t\t\t<\/div>\n\t\t\t\t\t<\/div>\n\t\t","protected":false},"excerpt":{"rendered":"<p>\u00bfQuieres conocer la tarifa de la reprogramaci\u00f3n tu coche? Como distribuidores oficiales de TLR Sport en Toledo, puede consultar su tarifa en el siguiente enlace y conocer la ganancia de potencia. Pincha aqu\u00ed<\/p>\n","protected":false},"author":2,"featured_media":0,"parent":0,"menu_order":0,"comment_status":"closed","ping_status":"closed","template":"","meta":{"_et_pb_use_builder":"","_et_pb_old_content":"","_et_gb_content_width":""},"yoast_head":"<!-- This site is optimized with the Yoast SEO plugin v18.1 - https:\/\/yoast.com\/wordpress\/plugins\/seo\/ -->\n<title>Tarifas Reprogramaci\u00f3n - Auto Electr\u00f3nica Toledo<\/title>\n<meta name=\"robots\" content=\"index, follow, max-snippet:-1, max-image-preview:large, max-video-preview:-1\" \/>\n<link rel=\"canonical\" href=\"https:\/\/www.autoelectronicatoledo.es\/index.php\/tarifas-tlr-sport\/\" \/>\n<meta property=\"og:locale\" content=\"en_US\" \/>\n<meta property=\"og:type\" content=\"article\" \/>\n<meta property=\"og:title\" content=\"Tarifas Reprogramaci\u00f3n - Auto Electr\u00f3nica Toledo\" \/>\n<meta property=\"og:description\" content=\"\u00bfQuieres conocer la tarifa de la reprogramaci\u00f3n tu coche? Como distribuidores oficiales de TLR Sport en Toledo, puede consultar su tarifa en el siguiente enlace y conocer la ganancia de potencia. Pincha aqu\u00ed\" \/>\n<meta property=\"og:url\" content=\"https:\/\/www.autoelectronicatoledo.es\/index.php\/tarifas-tlr-sport\/\" \/>\n<meta property=\"og:site_name\" content=\"Auto Electr\u00f3nica Toledo\" \/>\n<meta property=\"article:modified_time\" content=\"2022-03-22T22:33:43+00:00\" \/>\n<meta name=\"twitter:card\" content=\"summary_large_image\" \/>\n<meta name=\"twitter:label1\" content=\"Est. reading time\" \/>\n\t<meta name=\"twitter:data1\" content=\"1 minute\" \/>\n<script type=\"application\/ld+json\" class=\"yoast-schema-graph\">{\"@context\":\"https:\/\/schema.org\",\"@graph\":[{\"@type\":\"Organization\",\"@id\":\"https:\/\/www.autoelectronicatoledo.es\/#organization\",\"name\":\"Auto Electr\u00f3nica Toledo\",\"url\":\"https:\/\/www.autoelectronicatoledo.es\/\",\"sameAs\":[\"https:\/\/www.instagram.com\/auto_electronica_toledo\"],\"logo\":{\"@type\":\"ImageObject\",\"@id\":\"https:\/\/www.autoelectronicatoledo.es\/#logo\",\"inLanguage\":\"en-US\",\"url\":\"http:\/\/www.autoelectronicatoledo.es\/wp-content\/uploads\/2022\/01\/Logo-3-scaled.jpg\",\"contentUrl\":\"http:\/\/www.autoelectronicatoledo.es\/wp-content\/uploads\/2022\/01\/Logo-3-scaled.jpg\",\"width\":2560,\"height\":1015,\"caption\":\"Auto Electr\u00f3nica Toledo\"},\"image\":{\"@id\":\"https:\/\/www.autoelectronicatoledo.es\/#logo\"}},{\"@type\":\"WebSite\",\"@id\":\"https:\/\/www.autoelectronicatoledo.es\/#website\",\"url\":\"https:\/\/www.autoelectronicatoledo.es\/\",\"name\":\"Auto Electr\u00f3nica Toledo\",\"description\":\"Taller y Servicio de Electr\u00f3nica para el autom\u00f3vil\",\"publisher\":{\"@id\":\"https:\/\/www.autoelectronicatoledo.es\/#organization\"},\"potentialAction\":[{\"@type\":\"SearchAction\",\"target\":{\"@type\":\"EntryPoint\",\"urlTemplate\":\"https:\/\/www.autoelectronicatoledo.es\/?s={search_term_string}\"},\"query-input\":\"required name=search_term_string\"}],\"inLanguage\":\"en-US\"},{\"@type\":\"WebPage\",\"@id\":\"https:\/\/www.autoelectronicatoledo.es\/index.php\/tarifas-tlr-sport\/#webpage\",\"url\":\"https:\/\/www.autoelectronicatoledo.es\/index.php\/tarifas-tlr-sport\/\",\"name\":\"Tarifas Reprogramaci\u00f3n - Auto Electr\u00f3nica Toledo\",\"isPartOf\":{\"@id\":\"https:\/\/www.autoelectronicatoledo.es\/#website\"},\"datePublished\":\"2022-03-22T22:19:31+00:00\",\"dateModified\":\"2022-03-22T22:33:43+00:00\",\"breadcrumb\":{\"@id\":\"https:\/\/www.autoelectronicatoledo.es\/index.php\/tarifas-tlr-sport\/#breadcrumb\"},\"inLanguage\":\"en-US\",\"potentialAction\":[{\"@type\":\"ReadAction\",\"target\":[\"https:\/\/www.autoelectronicatoledo.es\/index.php\/tarifas-tlr-sport\/\"]}]},{\"@type\":\"BreadcrumbList\",\"@id\":\"https:\/\/www.autoelectronicatoledo.es\/index.php\/tarifas-tlr-sport\/#breadcrumb\",\"itemListElement\":[{\"@type\":\"ListItem\",\"position\":1,\"name\":\"Portada\",\"item\":\"https:\/\/www.autoelectronicatoledo.es\/\"},{\"@type\":\"ListItem\",\"position\":2,\"name\":\"Tarifas Reprogramaci\u00f3n\"}]}]}<\/script>\n<!-- \/ Yoast SEO plugin. -->","yoast_head_json":{"title":"Tarifas Reprogramaci\u00f3n - Auto Electr\u00f3nica Toledo","robots":{"index":"index","follow":"follow","max-snippet":"max-snippet:-1","max-image-preview":"max-image-preview:large","max-video-preview":"max-video-preview:-1"},"canonical":"https:\/\/www.autoelectronicatoledo.es\/index.php\/tarifas-tlr-sport\/","og_locale":"en_US","og_type":"article","og_title":"Tarifas Reprogramaci\u00f3n - Auto Electr\u00f3nica Toledo","og_description":"\u00bfQuieres conocer la tarifa de la reprogramaci\u00f3n tu coche? Como distribuidores oficiales de TLR Sport en Toledo, puede consultar su tarifa en el siguiente enlace y conocer la ganancia de potencia. Pincha aqu\u00ed","og_url":"https:\/\/www.autoelectronicatoledo.es\/index.php\/tarifas-tlr-sport\/","og_site_name":"Auto Electr\u00f3nica Toledo","article_modified_time":"2022-03-22T22:33:43+00:00","twitter_card":"summary_large_image","twitter_misc":{"Est. reading time":"1 minute"},"schema":{"@context":"https:\/\/schema.org","@graph":[{"@type":"Organization","@id":"https:\/\/www.autoelectronicatoledo.es\/#organization","name":"Auto Electr\u00f3nica Toledo","url":"https:\/\/www.autoelectronicatoledo.es\/","sameAs":["https:\/\/www.instagram.com\/auto_electronica_toledo"],"logo":{"@type":"ImageObject","@id":"https:\/\/www.autoelectronicatoledo.es\/#logo","inLanguage":"en-US","url":"http:\/\/www.autoelectronicatoledo.es\/wp-content\/uploads\/2022\/01\/Logo-3-scaled.jpg","contentUrl":"http:\/\/www.autoelectronicatoledo.es\/wp-content\/uploads\/2022\/01\/Logo-3-scaled.jpg","width":2560,"height":1015,"caption":"Auto Electr\u00f3nica Toledo"},"image":{"@id":"https:\/\/www.autoelectronicatoledo.es\/#logo"}},{"@type":"WebSite","@id":"https:\/\/www.autoelectronicatoledo.es\/#website","url":"https:\/\/www.autoelectronicatoledo.es\/","name":"Auto Electr\u00f3nica Toledo","description":"Taller y Servicio de Electr\u00f3nica para el autom\u00f3vil","publisher":{"@id":"https:\/\/www.autoelectronicatoledo.es\/#organization"},"potentialAction":[{"@type":"SearchAction","target":{"@type":"EntryPoint","urlTemplate":"https:\/\/www.autoelectronicatoledo.es\/?s={search_term_string}"},"query-input":"required name=search_term_string"}],"inLanguage":"en-US"},{"@type":"WebPage","@id":"https:\/\/www.autoelectronicatoledo.es\/index.php\/tarifas-tlr-sport\/#webpage","url":"https:\/\/www.autoelectronicatoledo.es\/index.php\/tarifas-tlr-sport\/","name":"Tarifas Reprogramaci\u00f3n - Auto Electr\u00f3nica Toledo","isPartOf":{"@id":"https:\/\/www.autoelectronicatoledo.es\/#website"},"datePublished":"2022-03-22T22:19:31+00:00","dateModified":"2022-03-22T22:33:43+00:00","breadcrumb":{"@id":"https:\/\/www.autoelectronicatoledo.es\/index.php\/tarifas-tlr-sport\/#breadcrumb"},"inLanguage":"en-US","potentialAction":[{"@type":"ReadAction","target":["https:\/\/www.autoelectronicatoledo.es\/index.php\/tarifas-tlr-sport\/"]}]},{"@type":"BreadcrumbList","@id":"https:\/\/www.autoelectronicatoledo.es\/index.php\/tarifas-tlr-sport\/#breadcrumb","itemListElement":[{"@type":"ListItem","position":1,"name":"Portada","item":"https:\/\/www.autoelectronicatoledo.es\/"},{"@type":"ListItem","position":2,"name":"Tarifas Reprogramaci\u00f3n"}]}]}},"_links":{"self":[{"href":"https:\/\/www.autoelectronicatoledo.es\/index.php\/wp-json\/wp\/v2\/pages\/658"}],"collection":[{"href":"https:\/\/www.autoelectronicatoledo.es\/index.php\/wp-json\/wp\/v2\/pages"}],"about":[{"href":"https:\/\/www.autoelectronicatoledo.es\/index.php\/wp-json\/wp\/v2\/types\/page"}],"author":[{"embeddable":true,"href":"https:\/\/www.autoelectronicatoledo.es\/index.php\/wp-json\/wp\/v2\/users\/2"}],"replies":[{"embeddable":true,"href":"https:\/\/www.autoelectronicatoledo.es\/index.php\/wp-json\/wp\/v2\/comments?post=658"}],"version-history":[{"count":10,"href":"https:\/\/www.autoelectronicatoledo.es\/index.php\/wp-json\/wp\/v2\/pages\/658\/revisions"}],"predecessor-version":[{"id":740,"href":"https:\/\/www.autoelectronicatoledo.es\/index.php\/wp-json\/wp\/v2\/pages\/658\/revisions\/740"}],"wp:attachment":[{"href":"https:\/\/www.autoelectronicatoledo.es\/index.php\/wp-json\/wp\/v2\/media?parent=658"}],"curies":[{"name":"wp","href":"https:\/\/api.w.org\/{rel}","templated":true}]}}